{"id":2,"date":"2026-04-04T16:48:40","date_gmt":"2026-04-04T16:48:40","guid":{"rendered":"https:\/\/elektrotechaudio.pl\/?page_id=2"},"modified":"2026-04-06T21:28:16","modified_gmt":"2026-04-06T21:28:16","slug":"sample-page","status":"publish","type":"page","link":"https:\/\/elektrotechaudio.pl\/","title":{"rendered":"Strona g\u0142\u00f3wna"},"content":{"rendered":"\n<p><strong>ElektroTech &amp; Audio Piotr Frisz<\/strong> to firma z siedzib\u0105 w Piekarach \u015al\u0105skich specjalizuj\u0105ca si\u0119 w us\u0142ugach elektrycznych, nag\u0142o\u015bnieniowych oraz informatycznych. Oferujemy kompleksow\u0105 obs\u0142ug\u0119 dla klient\u00f3w indywidualnych, firm oraz organizator\u00f3w wydarze\u0144.<\/p>\n\n\n\n<p>Naszym celem jest zapewnienie bezpiecznych, nowoczesnych i dopasowanych do potrzeb rozwi\u0105za\u0144 technicznych. Dzi\u0119ki do\u015bwiadczeniu oraz indywidualnemu podej\u015bciu do ka\u017cdego zlecenia gwarantujemy solidno\u015b\u0107, terminowo\u015b\u0107 oraz wysok\u0105 jako\u015b\u0107 wykonywanych us\u0142ug.<\/p>\n\n\n\n<p>Realizujemy zar\u00f3wno ma\u0142e zlecenia domowe, jak i wi\u0119ksze projekty zwi\u0105zane z instalacjami elektrycznymi czy obs\u0142ug\u0105 techniczn\u0105 wydarze\u0144.<\/p>\n\n\n\n<p><\/p>\n","protected":false},"excerpt":{"rendered":"<p>ElektroTech &amp; Audio Piotr Frisz to firma z siedzib\u0105 w Piekarach \u015al\u0105skich specjalizuj\u0105ca si\u0119 w us\u0142ugach elektrycznych, nag\u0142o\u015bnieniowych oraz informatycznych. Oferujemy kompleksow\u0105 obs\u0142ug\u0119 dla klient\u00f3w indywidualnych, firm oraz organizator\u00f3w wydarze\u0144. Naszym celem jest zapewnienie bezpiecznych, nowoczesnych i dopasowanych do potrzeb rozwi\u0105za\u0144 technicznych. Dzi\u0119ki do\u015bwiadczeniu oraz indywidualnemu podej\u015bciu do ka\u017cdego zlecenia gwarantujemy solidno\u015b\u0107, terminowo\u015b\u0107 oraz wysok\u0105 [&hellip;]<\/p>\n","protected":false},"author":1,"featured_media":0,"parent":0,"menu_order":0,"comment_status":"closed","ping_status":"open","template":"","meta":{"footnotes":""},"class_list":["post-2","page","type-page","status-publish","hentry"],"_links":{"self":[{"href":"https:\/\/elektrotechaudio.pl\/index.php?rest_route=\/wp\/v2\/pages\/2","targetHints":{"allow":["GET"]}}],"collection":[{"href":"https:\/\/elektrotechaudio.pl\/index.php?rest_route=\/wp\/v2\/pages"}],"about":[{"href":"https:\/\/elektrotechaudio.pl\/index.php?rest_route=\/wp\/v2\/types\/page"}],"author":[{"embeddable":true,"href":"https:\/\/elektrotechaudio.pl\/index.php?rest_route=\/wp\/v2\/users\/1"}],"replies":[{"embeddable":true,"href":"https:\/\/elektrotechaudio.pl\/index.php?rest_route=%2Fwp%2Fv2%2Fcomments&post=2"}],"version-history":[{"count":5,"href":"https:\/\/elektrotechaudio.pl\/index.php?rest_route=\/wp\/v2\/pages\/2\/revisions"}],"predecessor-version":[{"id":58,"href":"https:\/\/elektrotechaudio.pl\/index.php?rest_route=\/wp\/v2\/pages\/2\/revisions\/58"}],"wp:attachment":[{"href":"https:\/\/elektrotechaudio.pl\/index.php?rest_route=%2Fwp%2Fv2%2Fmedia&parent=2"}],"curies":[{"name":"wp","href":"https:\/\/api.w.org\/{rel}","templated":true}]}}