{"id":30,"date":"2026-04-06T19:19:37","date_gmt":"2026-04-06T19:19:37","guid":{"rendered":"https:\/\/elektrotechaudio.pl\/?page_id=30"},"modified":"2026-04-06T20:10:00","modified_gmt":"2026-04-06T20:10:00","slug":"o-nas","status":"publish","type":"page","link":"https:\/\/elektrotechaudio.pl\/?page_id=30","title":{"rendered":"Nasze us\u0142ugi"},"content":{"rendered":"\n<h3 class=\"wp-block-heading\">Instalacje elektryczne<\/h3>\n\n\n\n<ul class=\"wp-block-list\">\n<li>monta\u017c i modernizacja instalacji elektrycznych<\/li>\n\n\n\n<li>naprawa i konserwacja instalacji<\/li>\n\n\n\n<li>monta\u017c gniazdek, prze\u0142\u0105cznik\u00f3w i o\u015bwietlenia<\/li>\n\n\n\n<li>pod\u0142\u0105czanie urz\u0105dze\u0144 elektrycznych<\/li>\n\n\n\n<li>diagnostyka i usuwanie usterek<\/li>\n<\/ul>\n\n\n\n<h3 class=\"wp-block-heading\">Nag\u0142o\u015bnienie i obs\u0142uga wydarze\u0144<\/h3>\n\n\n\n<ul class=\"wp-block-list\">\n<li>nag\u0142o\u015bnienie imprez scenicznych<\/li>\n\n\n\n<li>obs\u0142uga techniczna wydarze\u0144<\/li>\n\n\n\n<li>wynajem i monta\u017c sprz\u0119tu nag\u0142o\u015bnieniowego<\/li>\n\n\n\n<li>konfiguracja system\u00f3w audio<\/li>\n<\/ul>\n\n\n\n<h3 class=\"wp-block-heading\">O\u015bwietlenie imprez<\/h3>\n\n\n\n<ul class=\"wp-block-list\">\n<li>o\u015bwietlenie sceniczne impres<\/li>\n\n\n\n<li>monta\u017c o\u015bwietlenia na wydarzeniach<\/li>\n\n\n\n<li>efekty \u015bwietlne na imprezy i eventy<\/li>\n<\/ul>\n\n\n\n<h3 class=\"wp-block-heading\">Us\u0142ugi IT<\/h3>\n\n\n\n<ul class=\"wp-block-list\">\n<li>konfiguracja komputer\u00f3w i sieci<\/li>\n\n\n\n<li>instalacja i konfiguracja oprogramowania<\/li>\n\n\n\n<li>pomoc techniczna i serwis komputerowy<\/li>\n\n\n\n<li>instalacja router\u00f3w i sieci Wi-Fi<\/li>\n<\/ul>\n\n\n\n<h3 class=\"wp-block-heading\">Drobne prace remontowe<\/h3>\n\n\n\n<ul class=\"wp-block-list\">\n<li>drobne prace wyko\u0144czeniowe<\/li>\n\n\n\n<li>drobne instalacje wod-kan i c.o.<\/li>\n\n\n\n<li>monta\u017c element\u00f3w wyposa\u017cenia<\/li>\n\n\n\n<li>drobne naprawy domowe<\/li>\n<\/ul>\n\n\n\n<p><\/p>\n","protected":false},"excerpt":{"rendered":"<p>Instalacje elektryczne Nag\u0142o\u015bnienie i obs\u0142uga wydarze\u0144 O\u015bwietlenie imprez Us\u0142ugi IT Drobne prace remontowe<\/p>\n","protected":false},"author":1,"featured_media":0,"parent":0,"menu_order":0,"comment_status":"closed","ping_status":"closed","template":"","meta":{"footnotes":""},"class_list":["post-30","page","type-page","status-publish","hentry"],"_links":{"self":[{"href":"https:\/\/elektrotechaudio.pl\/index.php?rest_route=\/wp\/v2\/pages\/30","targetHints":{"allow":["GET"]}}],"collection":[{"href":"https:\/\/elektrotechaudio.pl\/index.php?rest_route=\/wp\/v2\/pages"}],"about":[{"href":"https:\/\/elektrotechaudio.pl\/index.php?rest_route=\/wp\/v2\/types\/page"}],"author":[{"embeddable":true,"href":"https:\/\/elektrotechaudio.pl\/index.php?rest_route=\/wp\/v2\/users\/1"}],"replies":[{"embeddable":true,"href":"https:\/\/elektrotechaudio.pl\/index.php?rest_route=%2Fwp%2Fv2%2Fcomments&post=30"}],"version-history":[{"count":3,"href":"https:\/\/elektrotechaudio.pl\/index.php?rest_route=\/wp\/v2\/pages\/30\/revisions"}],"predecessor-version":[{"id":42,"href":"https:\/\/elektrotechaudio.pl\/index.php?rest_route=\/wp\/v2\/pages\/30\/revisions\/42"}],"wp:attachment":[{"href":"https:\/\/elektrotechaudio.pl\/index.php?rest_route=%2Fwp%2Fv2%2Fmedia&parent=30"}],"curies":[{"name":"wp","href":"https:\/\/api.w.org\/{rel}","templated":true}]}}